{"id":99,"date":"2017-07-11T14:26:13","date_gmt":"2017-07-11T14:26:13","guid":{"rendered":"http:\/\/gardis.ancorathemes.com\/?page_id=99"},"modified":"2021-08-30T09:00:39","modified_gmt":"2021-08-30T09:00:39","slug":"home-1","status":"publish","type":"page","link":"https:\/\/www.meblanka.com\/","title":{"rendered":"Home 1"},"content":{"rendered":"<p>[vc_row full_width=&#8221;stretch_row_content_no_spaces&#8221; hide_bg_image_on_tablet=&#8221;1&#8243; hide_bg_image_on_mobile=&#8221;1&#8243; css=&#8221;.vc_custom_1574082466396{background-image: url(http:\/\/gardis.ancorathemes.com\/wp-content\/uploads\/2017\/07\/1-1.jpg?id=665) !important;background-position: top right !important;background-repeat: no-repeat !important;}&#8221; el_class=&#8221;sc_layouts_738&#8243;][vc_column icons_position=&#8221;left&#8221; offset=&#8221;vc_col-md-9&#8243;]<div id=\"sc_content_1237196162\"\n\t\tclass=\"sc_content color_style_default sc_content_default sc_float_center  vc_custom_1507190602004\"><div class=\"sc_content_container\">[rev_slider_vc alias=&#8221;slider-1&#8243;]<\/div><\/div><!-- \/.sc_content -->[\/vc_column][vc_column icons_position=&#8221;left&#8221; offset=&#8221;vc_col-md-3&#8243;][vc_row_inner][vc_column_inner icons_position=&#8221;left&#8221; offset=&#8221;vc_hidden-sm vc_hidden-xs&#8221;][vc_empty_space alter_height=&#8221;medium&#8221; hide_on_desktop=&#8221;1&#8243; hide_on_notebook=&#8221;1&#8243; hide_on_tablet=&#8221;&#8221; hide_on_mobile=&#8221;&#8221;][\/vc_column_inner][\/vc_row_inner][vc_empty_space alter_height=&#8221;huge&#8221; hide_on_desktop=&#8221;&#8221; hide_on_notebook=&#8221;&#8221; hide_on_tablet=&#8221;&#8221; hide_on_mobile=&#8221;&#8221;][vc_empty_space height=&#8221;2px&#8221; alter_height=&#8221;huge&#8221; hide_on_desktop=&#8221;&#8221; hide_on_notebook=&#8221;&#8221; hide_on_tablet=&#8221;1&#8243; hide_on_mobile=&#8221;1&#8243; css=&#8221;.vc_custom_1618570621364{margin-top: -2.1rem !important;}&#8221;][vc_row_inner][vc_column_inner width=&#8221;2\/3&#8243; icons_position=&#8221;left&#8221; offset=&#8221;vc_col-md-offset-1 vc_col-md-9 vc_col-sm-offset-2 vc_col-xs-offset-2 vc_col-xs-8&#8243;]<div id=\"sc_services_545168127\" class=\"sc_services color_style_default sc_services_simples sc_services_featured_top\"><div class=\"sc_services_columns_wrap sc_item_columns sc_item_columns_3 trx_addons_columns_wrap columns_padding_bottom no_margin\"><div class=\"trx_addons_column-1_1\"><div class=\"sc_services_item with_content with_image sc_services_item_featured_top\">\n\t<div class=\"sc_services_item_info\">\n\t\t<div class=\"sc_services_item_header\">\n\t\t\t<h3 class=\"sc_services_item_title\"><a href=\"https:\/\/www.meblanka.com\/?cpt_services=blinds\">Profesjonalne doradztwo<\/a><\/h3>\n\t\t<\/div>\n\t\t\t\t\t<div class=\"sc_services_item_content\"><p>Powiedz nam, jak powinna wygl\u0105da\u0107 Twoja wymarzona domowa przestrze\u0144, a my doradzimy i zajmiemy si\u0119 wszystkim innym. Zbudujemy kuchni\u0119 lub dobierzemy meble zgodnie z Twoimi \u017cyczeniami i potrzebami.<\/p>\n<\/div>\n\t\t\t<\/div>\n<\/div>\n<\/div><div class=\"trx_addons_column-1_1\"><div class=\"sc_services_item with_content with_image sc_services_item_featured_top\">\n\t<div class=\"sc_services_item_info\">\n\t\t<div class=\"sc_services_item_header\">\n\t\t\t<h3 class=\"sc_services_item_title\"><a href=\"https:\/\/www.meblanka.com\/?cpt_services=curtains\">Bogata i urozmaicona oferta<\/a><\/h3>\n\t\t<\/div>\n\t\t\t\t\t<div class=\"sc_services_item_content\"><p>W naszej ofercie znajdziesz to czego szukasz. Mamy dla Ciebie \u015bwietne rozwi\u0105zania, bogata palet\u0119 kolor\u00f3w oraz najlepsza jako\u015b\u0107 produkt\u00f3w.<\/p>\n<\/div>\n\t\t\t<\/div>\n<\/div>\n<\/div><div class=\"trx_addons_column-1_1\"><div class=\"sc_services_item with_content with_image sc_services_item_featured_top\">\n\t<div class=\"sc_services_item_info\">\n\t\t<div class=\"sc_services_item_header\">\n\t\t\t<h3 class=\"sc_services_item_title\"><a href=\"https:\/\/www.meblanka.com\/?cpt_services=accessories\">100% satysfakcji<\/a><\/h3>\n\t\t<\/div>\n\t\t\t\t\t<div class=\"sc_services_item_content\"><p>Pa\u0144stwa satysfakcja z zakupionych produkt\u00f3w jest dla nas priorytetem. Posiadamy w\u0142asny transport i ekipy monta\u017cowe.<\/p>\n<\/div>\n\t\t\t<\/div>\n<\/div>\n<\/div><\/div><\/div><!-- \/.sc_services -->[\/vc_column_inner][\/vc_row_inner][\/vc_column][\/vc_row][vc_row][vc_column icons_position=&#8221;left&#8221;][vc_empty_space alter_height=&#8221;huge&#8221; hide_on_desktop=&#8221;&#8221; hide_on_notebook=&#8221;&#8221; hide_on_tablet=&#8221;&#8221; hide_on_mobile=&#8221;&#8221;][\/vc_column][vc_column icons_position=&#8221;left&#8221; el_class=&#8221;sc_layouts_683&#8243;]<div id=\"sc_content_2096097009\"\n\t\tclass=\"sc_content color_style_default sc_content_default sc_float_center  vc_custom_1507197453401\"><div class=\"sc_content_container\">[vc_row_inner equal_height=&#8221;yes&#8221; content_placement=&#8221;middle&#8221;][vc_column_inner width=&#8221;5\/12&#8243; icons_position=&#8221;left&#8221;][vc_single_image image=&#8221;874&#8243; img_size=&#8221;full&#8221; alignment=&#8221;right&#8221;][\/vc_column_inner][vc_column_inner width=&#8221;7\/12&#8243; icons_position=&#8221;left&#8221;][vc_empty_space alter_height=&#8221;medium&#8221; hide_on_desktop=&#8221;1&#8243; hide_on_notebook=&#8221;1&#8243; hide_on_tablet=&#8221;1&#8243; hide_on_mobile=&#8221;&#8221;]<div id=\"sc_content_912832487\"\n\t\tclass=\"sc_content color_style_default color_style_default sc_content_default sc_float_center  vc_custom_1507198087176\"><div class=\"sc_content_container\"><div id=\"sc_title_54490310\"\n\t\tclass=\"sc_title color_style_default sc_title_default\"><h3 class=\"sc_item_title sc_title_title sc_align_left sc_item_title_style_default\">Ju\u017c od dawna szukasz kuchni swoich marze\u0144?<\/h3><div class=\"sc_item_descr sc_title_descr sc_align_left\"><p>Wiemy, \u017ce dom to zwierciade\u0142ko naszego \u017cycia codziennego. To miejsce, kt\u00f3re ka\u017cdego dnia maluje tobie wspomnienia i buduje wiez z rodzina czy przyjaci\u00f3\u0142mi, kt\u00f3re daje Ci bezpiecze\u0144stwo i pogod\u0119 ducha, kt\u00f3remu oddajesz swoj\u0105 intymno\u015b\u0107, kt\u00f3re m\u00f3wi do Ciebie przedmiotami, kt\u00f3rymi kochasz si\u0119 otacza\u0107. Dlatego przed rozpocz\u0119ciem pracy oraz projektu nawi\u0105zujemy z Tob\u0105 rozmow\u0119 i przez ca\u0142\u0105 nasz\u0105 wsp\u00f3\u0142prace nie przestajemy s\u0142ucha\u0107 Ciebie i Twoich potrzeb.<\/p>\n<\/div><\/div><!-- \/.sc_title -->[vc_empty_space alter_height=&#8221;small&#8221; hide_on_desktop=&#8221;&#8221; hide_on_notebook=&#8221;&#8221; hide_on_tablet=&#8221;&#8221; hide_on_mobile=&#8221;&#8221; css=&#8221;.vc_custom_1507198107198{margin-bottom: 0.6rem !important;}&#8221;]<\/div><\/div><!-- \/.sc_content -->[\/vc_column_inner][vc_column_inner icons_position=&#8221;left&#8221;][vc_empty_space alter_height=&#8221;large&#8221; hide_on_desktop=&#8221;&#8221; hide_on_notebook=&#8221;&#8221; hide_on_tablet=&#8221;&#8221; hide_on_mobile=&#8221;1&#8243; css=&#8221;.vc_custom_1507547933770{margin-top: -1.7rem !important;}&#8221;][\/vc_column_inner][\/vc_row_inner]<\/div><\/div><!-- \/.sc_content -->[\/vc_column][\/vc_row]<\/p>\n","protected":false},"excerpt":{"rendered":"<p>[vc_row full_width=&#8221;stretch_row_content_no_spaces&#8221; hide_bg_image_on_tablet=&#8221;1&#8243; hide_bg_image_on_mobile=&#8221;1&#8243; css=&#8221;.vc_custom_1574082466396{background-image: url(http:\/\/gardis.ancorathemes.com\/wp-content\/uploads\/2017\/07\/1-1.jpg?id=665) !important;background-position: top right !important;background-repeat: no-repeat !important;}&#8221; el_class=&#8221;sc_layouts_738&#8243;][vc_column icons_position=&#8221;left&#8221; offset=&#8221;vc_col-md-9&#8243;][\/vc_column][vc_column icons_position=&#8221;left&#8221; offset=&#8221;vc_col-md-3&#8243;][vc_row_inner][vc_column_inner icons_position=&#8221;left&#8221; offset=&#8221;vc_hidden-sm vc_hidden-xs&#8221;][vc_empty_space alter_height=&#8221;medium&#8221; hide_on_desktop=&#8221;1&#8243; hide_on_notebook=&#8221;1&#8243; hide_on_tablet=&#8221;&#8221; hide_on_mobile=&#8221;&#8221;][\/vc_column_inner][\/vc_row_inner][vc_empty_space alter_height=&#8221;huge&#8221; hide_on_desktop=&#8221;&#8221; hide_on_notebook=&#8221;&#8221; hide_on_tablet=&#8221;&#8221; hide_on_mobile=&#8221;&#8221;][vc_empty_space height=&#8221;2px&#8221; alter_height=&#8221;huge&#8221; hide_on_desktop=&#8221;&#8221; hide_on_notebook=&#8221;&#8221; hide_on_tablet=&#8221;1&#8243; hide_on_mobile=&#8221;1&#8243; css=&#8221;.vc_custom_1618570621364{margin-top: -2.1rem !important;}&#8221;][vc_row_inner][vc_column_inner width=&#8221;2\/3&#8243; icons_position=&#8221;left&#8221; offset=&#8221;vc_col-md-offset-1 vc_col-md-9 vc_col-sm-offset-2 vc_col-xs-offset-2 vc_col-xs-8&#8243;][\/vc_column_inner][\/vc_row_inner][\/vc_column][\/vc_row][vc_row][vc_column icons_position=&#8221;left&#8221;][vc_empty_space alter_height=&#8221;huge&#8221; hide_on_desktop=&#8221;&#8221; hide_on_notebook=&#8221;&#8221; hide_on_tablet=&#8221;&#8221; hide_on_mobile=&#8221;&#8221;][\/vc_column][vc_column icons_position=&#8221;left&#8221; el_class=&#8221;sc_layouts_683&#8243;][\/vc_column][\/vc_row]<\/p>\n","protected":false},"author":1,"featured_media":0,"parent":0,"menu_order":0,"comment_status":"closed","ping_status":"closed","template":"","meta":[],"_links":{"self":[{"href":"https:\/\/www.meblanka.com\/index.php?rest_route=\/wp\/v2\/pages\/99"}],"collection":[{"href":"https:\/\/www.meblanka.com\/index.php?rest_route=\/wp\/v2\/pages"}],"about":[{"href":"https:\/\/www.meblanka.com\/index.php?rest_route=\/wp\/v2\/types\/page"}],"author":[{"embeddable":true,"href":"https:\/\/www.meblanka.com\/index.php?rest_route=\/wp\/v2\/users\/1"}],"replies":[{"embeddable":true,"href":"https:\/\/www.meblanka.com\/index.php?rest_route=%2Fwp%2Fv2%2Fcomments&post=99"}],"version-history":[{"count":13,"href":"https:\/\/www.meblanka.com\/index.php?rest_route=\/wp\/v2\/pages\/99\/revisions"}],"predecessor-version":[{"id":43941,"href":"https:\/\/www.meblanka.com\/index.php?rest_route=\/wp\/v2\/pages\/99\/revisions\/43941"}],"wp:attachment":[{"href":"https:\/\/www.meblanka.com\/index.php?rest_route=%2Fwp%2Fv2%2Fmedia&parent=99"}],"curies":[{"name":"wp","href":"https:\/\/api.w.org\/{rel}","templated":true}]}}